{"id":18,"date":"2020-09-21T10:53:02","date_gmt":"2020-09-21T08:53:02","guid":{"rendered":"https:\/\/djouk.alychouette.com\/?page_id=18"},"modified":"2021-08-07T20:34:07","modified_gmt":"2021-08-07T18:34:07","slug":"djouk-slogan-de-djouk","status":"publish","type":"page","link":"https:\/\/lerato.alychouette.com\/djouk\/","title":{"rendered":"DJOUK, rassemblement interr\u00e9gional &#038; encrage international"},"content":{"rendered":"\n<p>DJOUK<a href=\"#mot-djouk\">(1)<\/a> est un rapprochement<a href=\"#rapprochement\">(2)<\/a> d\u2019antillais.es d\u00e9sirant participer \u00e0 la vie politique de leurs pays d&rsquo;origine en les pensant depuis les Antilles, les communaut\u00e9s \u00e9migr\u00e9es et diasporas. R\u00e9unis autour de notre v\u00e9cu d\u2019\u00e9tudiante.es nous questionnons la notion de D\u00e9veloppement et ses ramifications en nous inspirant des pens\u00e9es d\u00e9coloniale, postcoloniale, f\u00e9ministe et \u00e9cologiste.<\/p>\n\n\n\n<h2 class=\"wp-block-heading\">Un positionnement radical<\/h2>\n\n\n\n<p>Nous sommes engag\u00e9s politiquement \u00e0 produire un discours<a href=\"#discours\">(3)<\/a> d\u2019antillais.es en dialogue permanent entre tous les espaces de vie des antillais.es dans un rapport ouvert et solidaire au monde et \u00e0 ses influences.<\/p>\n\n\n\n<p>Notre approche pan-antillaise<a href=\"#pan-antillais\">(4)<\/a> ne nous sert pour autant pas \u00e0 masquer nos d\u00e9saccords, les in\u00e9galit\u00e9s sociales, de genres, d\u2019espaces que nous connaissons ; Et l\u2019ensemble des repr\u00e9sentations que nous h\u00e9ritons du fait colonial.<\/p>\n\n\n\n<p>Notre action s\u2019\u00e9tablit dans un cadre antillais ext\u00e9rieur aux notions d\u2019outremer, d\u2019action jeunesse et de position apolitique comme traditionnellement investie par les associations.<\/p>\n\n\n\n<p>DJOUK n\u2019est pas un repli, c\u2019est le refus de l\u2019essentialisation, de la validation du discours dominant et des v\u00e9rit\u00e9s id\u00e9ologiques ou spirituelles. Nous nous engageons \u00e0 produire en commun une critique sans concessions, de nous-m\u00eame et du monde.<\/p>\n\n\n\n<h2 class=\"wp-block-heading\">Une perspective internationale<\/h2>\n\n\n\n<p>L&rsquo;initiative r\u00e9unit plusieurs groupes d\u2019\u00e9tudiant.e.s et de jeunes d\u2019actifs antillais.e.s \u00e9tabli.e.s aux Antilles en France et au Canada. R\u00e9partie sur les deux principaux espaces d\u2019immigration \u00e9tudiante et professionnelle, il s\u2019agit pour nous de construire un espace de participation au d\u00e9bat politique dans une perspective pan-antillaise et internationale.&nbsp;<\/p>\n\n\n\n<p>En dehors de tout espace politique \u00e9lectoral, nous ne limitons notre participation politique \u00e0 aucun territoire, institution, \u00e9tat et organisation internationale qui participe \u00e0 la poursuite de notre engagement.<\/p>\n\n\n\n<h3 class=\"wp-block-heading\">Notre m\u00e9thode : T\u00e8t ek Gu\u00e8l<\/h3>\n\n\n\n<p>Notre action se concentre sur la vulgarisation des savoirs et de la r\u00e9flexion collective (des rencontres avec des experts de tout bord : T\u00e8t) afin de constituer une pens\u00e9e et des actions (des solutions \u00e0 mettre \u00e0 l\u2019agenda politique : Gu\u00e8l).<\/p>\n\n\n\n<hr class=\"wp-block-separator is-style-wide\"\/>\n\n\n\n<div class=\"definition-dico\" id=\"mot-djouk\" style=\"font-family:monospace;padding: 10px; line-height: 1.5; font-size: 10px;\">\n            <h3 class=\"def-title\" style=\"letter-spacing: 10px; font-weight: bold; font-size: 20px;\">(1) Djouk<\/h3>\n                <div class=\"text-def\" style=\"padding: 0 15px;\">\n                    <p>\n                        Dans le cr\u00e9ole martiniquais, \u00ab\u00a0djouk\u00a0\u00bb d\u00e9signe un tir, un acte sexuel et le son de l&rsquo;outil qui travaille le sol pour faire jaden.\n                        Dans les trois cas, un djouk en appelle toujours un autre. C\u2019est une charge r\u00e9p\u00e9t\u00e9e, qui marque la cr\u00e9ation consentie d\u2019une chose commune.\n                        Pour nous cet outil est la radicalit\u00e9, le sol, nos espaces en dialogue \u00ab\u00a0djouk\u00a0\u00bb,\n                        l&rsquo;\u00e9nergie que nous mettons ensemble \u00e0 leur culture.\n                    <\/p>\n                    <p>\n                        Ce passage par l\u2019analogie du jaden et de la soci\u00e9t\u00e9 <a href=\"#rapprochement\">(2)<\/a> nous permet d\u2019\u00e9tablir une autre perspective pour appr\u00e9hender le monde.\n                        La permaculture antillaise est n\u00e9e dans la violence au sein des interstices du syst\u00e8me dominant colonial et esclavagiste.\n                        Cr\u00e9olisation des savoirs et savoir-faire agricoles, il est \u00e0 l\u2019image de toutes les populations y ayant eu recours pour leur survie en ad\u00e9quation avec leur environnement pr\u00e9sent et les brides m\u00e9morielles de celui qu\u2019ils avaient d\u00fb quitter.\n                        Aujourd\u2019hui encore, apr\u00e8s l\u2019entr\u00e9e dans la modernit\u00e9 occidentale, le jaden parvient \u00e0 se moduler <a href=\"#discours\">(3)<\/a> dans les marges urbaines des villes antillaises, longtemps apr\u00e8s avoir quitt\u00e9 les abords des cases, les fonds et les mornes.\n                        Il n\u2019est pas une essence, il est une pratique du monde. Djouk en est une de ses initiations.\n                    <\/p>\n                <\/div>\n        <\/div>\n\n\n\n<div class=\"note-bas\" style=\"font-size:11px;\">\n            <ul>\n                <li>Rapha\u00ebl Confiant, Dictionnaire de cr\u00e9ole martiniquais<\/li>\n                <li>Nicolas Lemoigne, Le jardin cr\u00e9ole de Martinique, re-con-naissance d\u2019un syst\u00e8me cultural marginalis\u00e9 ?<\/li>\n                <li>Catherine Benoit, Corps, jardins, m\u00e9moires : Anthropologie du corps et de l\u2019espace \u00e0 la Guadeloupe<\/li>\n            <\/ul>\n<\/div>\n\n\n\n<div class=\"definition-dico\" id=\"rapprochement\" style=\"font-family:monospace;padding: 10px; line-height: 1.5; font-size: 13px;\">\n            <h3 class=\"def-title\" style=\"letter-spacing: 10px; font-weight: bold; font-size: 20px;\">(2) Rapprochement<\/h3>\n                <div class=\"text-def\" style=\"padding: 0 15px;\">\n<p>\u201cAction de rapprocher des id\u00e9es ou des faits, de mani\u00e8re qu&rsquo;ils s&rsquo;\u00e9clairent l&rsquo;un par l&rsquo;autre, il se dit aussi du r\u00e9sultat de cette action.\u201d<\/p>\n<p><a href=\"https:\/\/www.cnrtl.fr\/definition\/academie8\/rapprochement\">Huiti\u00e8me \u00e9dition du dictionnaire de l\u2019Acad\u00e9mie fran\u00e7aise (1932-1935)<\/a><\/p>\n                    <p>\n                        C\u2019est pour nous l\u2019id\u00e9e d\u2019une union sans assimilation. D\u2019une unit\u00e9 en dehors des dynamiques de luttes de pouvoir et de domination. C\u2019est un moment de commun accord qui t\u00e9moigne de notre subjectivit\u00e9, sans pr\u00e9sumer que des forces transcendantales l\u2019ont pr\u00e9destin\u00e9 et le maintiendront \u00e0 jamais pour des raisons opaques. Enfin c\u2019est la libert\u00e9 de nous d\u00e9finir en rapport au monde sans y disparaitre, d\u2019exister de mani\u00e8re collective sur le terrain politique en dehors des fronti\u00e8res d\u00e9finies par d\u2019autres.\n                    <\/p>\n                <\/div>\n        <\/div>\n\n\n\n<div class=\"definition-dico\" id=\"discours\" style=\"font-family:monospace;padding: 10px; line-height: 1.5; font-size: 13px;\">\n            <h3 class=\"def-title\" style=\"letter-spacing: 10px; font-weight: bold; font-size: 20px;\">(3) Discours<\/h3>\n                <div class=\"text-def\" style=\"padding: 0 15px;\">\n<p>\u201cDiscours dans le sens que lui donne l\u2019analyse linguistique des \u00e9tudes postcoloniales. A savoir, un ensemble de \u201csens\u201d qui s\u2019articulent en une expression ayant un effet sur le r\u00e9el selon son rapport au pouvoir dominant par les repr\u00e9sentations qu\u2019il cr\u00e9e. Dans l\u2019analyse foucaldienne du discours, reprise par les \u00e9tudes postcoloniales, il s&rsquo;agit d\u2019analyser les \u201cformations discursive\u201d. C\u2019est-\u00e0-dire la structuration de l&rsquo;espace social par la diff\u00e9renciation des discours, leurs superpositions. Nous confrontant d\u2019une part au discours dominant produit par les institutions fran\u00e7aises, celles de l&rsquo;\u00e9conomie et de la politique antillaise. D\u2019autres par la pluralit\u00e9 de discours non dominant propos\u00e9 par le monde militant, culturel et universitaire. Il s&rsquo;agit pour nous de cr\u00e9er une expression analytique explicitement politique destin\u00e9e \u00e0 d\u00e9construire ces discours. Cette d\u00e9marche a pour objectif de construire un discours n\u00f4tre pour conduire des actions n\u00f4tre.<\/p>\n                <\/div>\n        <\/div>\n\n\n\n<div class=\"definition-dico\" id=\"pan-antillais\" style=\"font-family:monospace;padding: 10px; line-height: 1.5; font-size: 13px;\">\n            <h3 class=\"def-title\" style=\"letter-spacing: 10px; font-weight: bold; font-size: 20px;\">(4) Pan-antillais<\/h3>\n                <div class=\"text-def\" style=\"padding: 0 15px;\">\n<p>Utilis\u00e9 en tant qu\u2019adjectif d\u00e9signant l\u2019ensemble des populations \u00e9tablies en Guadeloupe, en Martinique et \u00e0 Saint-Martin ainsi que les populations immigr\u00e9es et diasporiques s\u2019y r\u00e9f\u00e9rent dans les principaux lieux de concentration de ces populations hors des Antilles.<\/p>\n                <\/div>\n        <\/div>\n","protected":false},"excerpt":{"rendered":"<p>DJOUK(1) est un rapprochement(2) d\u2019antillais.es d\u00e9sirant participer \u00e0 la vie politique de leurs pays d&rsquo;origine en les pensant depuis les Antilles, les communaut\u00e9s \u00e9migr\u00e9es et diasporas. R\u00e9unis autour de notre v\u00e9cu d\u2019\u00e9tudiante.es nous questionnons la notion de D\u00e9veloppement et ses ramifications en nous inspirant des pens\u00e9es d\u00e9coloniale, postcoloniale, f\u00e9ministe et \u00e9cologiste. Un positionnement radical Nous [&hellip;]<\/p>\n","protected":false},"author":1,"featured_media":162,"parent":0,"menu_order":0,"comment_status":"closed","ping_status":"closed","template":"","meta":{"footnotes":""},"class_list":["post-18","page","type-page","status-publish","has-post-thumbnail","hentry"],"blocksy_meta":{"page_title_panel":"","has_hero_section":"default","0690c5942ef9b26795fe129a0a4f12b1":"","hero_section":"type-1","hero_elements":[{"id":"custom_title","enabled":true,"heading_tag":"h1","title":"Home","__id":"2J2Yg10oKacVGc0qzdQxv"},{"id":"custom_description","enabled":true,"description_visibility":{"desktop":true,"tablet":true,"mobile":false},"__id":"j4BIXbPHs3jVkGFM-Az9s"},{"id":"custom_meta","enabled":false,"meta_elements":[{"id":"author","enabled":true,"label":"By","has_author_avatar":"yes","avatar_size":25},{"id":"post_date","enabled":true,"label":"On","date_format_source":"default","date_format":"M j, Y"},{"id":"comments","enabled":true}],"page_meta_elements":{"joined":true,"articles_count":true,"comments":true},"__id":"efrL0KJDmU6qLsFQMmuAP"},{"id":"breadcrumbs","enabled":false,"__id":"DoQV9EPUKW0XNBYGqHtub"}],"39ea98baec34ff1ce96730d08def58e6":"","hero_alignment1":{"0":"l","1":"e","2":"f","3":"t","desktop":"center","tablet":"center","mobile":"center","__changed":[]},"hero_alignment2":"center","hero_vertical_alignment":"center","0e3bf9f2ec4de06f719f027a24d4f400":"","hero_structure":"narrow","d00e76c61085f6c7a9d42f7c76618666":"","page_title_bg_type":"featured_image","custom_hero_background":{"attachment_id":null},"parallax":{"desktop":false,"tablet":false,"mobile":false},"bcaadeeaf3050dbd6c8043a30160aabd":"","hero_height":"250px","pageTitleFont":{"family":"Default","variation":"Default","size":{"desktop":"32px","tablet":"30px","mobile":"25px"},"line-height":"CT_CSS_SKIP_RULE","letter-spacing":"CT_CSS_SKIP_RULE","text-transform":"CT_CSS_SKIP_RULE","text-decoration":"CT_CSS_SKIP_RULE"},"pageTitleFontColor":{"default":{"color":"var(--paletteColor1)"}},"pageMetaFont":{"family":"Default","variation":"n6","size":"12px","line-height":"1.3","letter-spacing":"CT_CSS_SKIP_RULE","text-transform":"uppercase","text-decoration":"CT_CSS_SKIP_RULE"},"pageMetaFontColor":{"default":{"color":"CT_CSS_SKIP_RULEDEFAULT"},"hover":{"color":"CT_CSS_SKIP_RULEDEFAULT"}},"pageExcerptFont":{"family":"Default","variation":"Default","size":"CT_CSS_SKIP_RULE","line-height":"CT_CSS_SKIP_RULE","letter-spacing":"CT_CSS_SKIP_RULE","text-transform":"CT_CSS_SKIP_RULE","text-decoration":"CT_CSS_SKIP_RULE"},"pageExcerptColor":{"default":{"color":"CT_CSS_SKIP_RULEDEFAULT"}},"breadcrumbsFont":{"family":"Default","variation":"n6","size":"12px","line-height":"CT_CSS_SKIP_RULE","letter-spacing":"CT_CSS_SKIP_RULE","text-transform":"uppercase","text-decoration":"CT_CSS_SKIP_RULE"},"breadcrumbsFontColor":{"default":{"color":"CT_CSS_SKIP_RULEDEFAULT"},"initial":{"color":"CT_CSS_SKIP_RULEDEFAULT"},"hover":{"color":"CT_CSS_SKIP_RULEDEFAULT"}},"pageTitleOverlay":{"default":{"color":"rgba(207, 232, 218, 0.94)"}},"pageTitleBackground":{"background_type":"color","background_pattern":"type-1","background_image":{"attachment_id":null,"x":0,"y":0},"background_repeat":"no-repeat","background_size":"auto","background_attachment":"scroll","patternColor":{"default":{"color":"#e5e7ea"}},"backgroundColor":{"default":{"color":"rgba(207, 232, 218, 0.99)"}}},"eb4a23bea1fa3527a4504b111711d825":"","page_structure_type":"type-3","content_style":"inherit","vertical_spacing_source":"inherit","content_area_spacing":"both","background":{"background_type":"color","background_pattern":"type-1","background_image":{"attachment_id":null,"x":0,"y":0},"background_repeat":"no-repeat","background_size":"auto","background_attachment":"scroll","patternColor":{"default":{"color":"#e5e7ea"}},"backgroundColor":{"default":{"color":"CT_CSS_SKIP_RULE"}}},"content_background":{"background_type":"color","background_pattern":"type-1","background_image":{"attachment_id":null,"x":0,"y":0},"background_repeat":"no-repeat","background_size":"auto","background_attachment":"scroll","patternColor":{"default":{"color":"#e5e7ea"}},"backgroundColor":{"default":{"color":"#ffffff"}}},"content_boxed_shadow":{"blur":18,"spread":-6,"v_offset":12,"h_offset":0,"inset":false,"enable":true,"color":{"color":"rgba(34, 56, 101, 0.04)"}},"boxed_content_spacing":{"desktop":{"top":"40px","bottom":"40px","left":"40px","right":"40px","linked":true},"tablet":{"top":"35px","bottom":"35px","left":"35px","right":"35px","linked":true},"mobile":{"top":"20px","bottom":"20px","left":"20px","right":"20px","linked":true}},"content_boxed_radius":{"top":"3px","bottom":"3px","left":"3px","right":"3px","linked":true},"7111cfb94060be6046b96a709e15e285":"","disable_featured_image":"no","disable_header":"no","disable_footer":"no","a132bc9ae087ac963439ea4564697b02":"","04e3808201cb6716d28ee9393eb66662":"","79235cd68119f1792c86169b4a7d95b0":"","fa5a508684c0fad1e25d853a827c54d4":"","abc95f2aa3ad495f0b112e4bd9503f23":"","779affd1114e06aaae251176cc5f7778":"","c7e0bdfc571fce2c19577d80ac09bd6c":"","08caf79c7d64a7ab72d27d3ce057e92c":"","07fb813850a7757ba3567d821a17f637":"","a75e61417eacf7c9f638f2c3ae0224b0":"","0f913312247e0c4e0980af6dc2e9f028":"","ceba8db9ec6b5b7611d4a6ab7410d095":"","509acf021e2aded5a07b8a1c214bb783":"","6a226cd416395d4d0fc6fb09bac0412d":"","59d275cd2e7539f70112047b87de5cb9":"","f9d682aa52047603965a6866b7478aed":"","16b9a1147344054e2cb89ecabd9b75c9":"","56c63037702cf832f37e0a8e87dc3849":"","ab63e2c40e2d9409b598199a8e95432d":"","9fb58489d2fdbe940ee820d3cb42e451":"","e0867d775450c76aaa8f4057e24df887":"","3eca4a182270fbab81b36681f22ff04b":"","8126174654ea0df3f8e4daa08942bcd4":"","c83da0c5f0f078572002a3b2e2825207":"","a172f1487fb7cc47b5d0cea2a20019c1":"","10036f91de09abd84c4e43aafc52de8e":"","cfb659f0614133a1b744cd828738672f":"","8cb2dbc2a1b873776501c50aeca6ab97":"","9beefabdfd2b15ad0dbb18eb91b359b0":"","fda43a04942211892d62ed5af33b955c":"","925b960f6b31fade24d1482d0c12a77c":"","e2b081a6f18356b4bfb0f8d438cf0b9c":"","5eebb140e4a42601156b2d506bc7b185":"","d321758d52d8c0624289627b4cc727d1":"","b02633708868ed1960798d220ef7665f":""},"yoast_head":"<!-- This site is optimized with the Yoast SEO plugin v27.0 - https:\/\/yoast.com\/product\/yoast-seo-wordpress\/ -->\n<title>DJOUK, rassemblement interr\u00e9gional &amp; encrage international - DJOUK<\/title>\n<meta name=\"robots\" content=\"index, follow, max-snippet:-1, max-image-preview:large, max-video-preview:-1\" \/>\n<link rel=\"canonical\" href=\"https:\/\/lerato.alychouette.com\/djouk\/\" \/>\n<meta property=\"og:locale\" content=\"fr_FR\" \/>\n<meta property=\"og:type\" content=\"article\" \/>\n<meta property=\"og:title\" content=\"DJOUK, rassemblement interr\u00e9gional &amp; encrage international - DJOUK\" \/>\n<meta property=\"og:description\" content=\"DJOUK(1) est un rapprochement(2) d\u2019antillais.es d\u00e9sirant participer \u00e0 la vie politique de leurs pays d&rsquo;origine en les pensant depuis les Antilles, les communaut\u00e9s \u00e9migr\u00e9es et diasporas. R\u00e9unis autour de notre v\u00e9cu d\u2019\u00e9tudiante.es nous questionnons la notion de D\u00e9veloppement et ses ramifications en nous inspirant des pens\u00e9es d\u00e9coloniale, postcoloniale, f\u00e9ministe et \u00e9cologiste. Un positionnement radical Nous [&hellip;]\" \/>\n<meta property=\"og:url\" content=\"https:\/\/lerato.alychouette.com\/djouk\/\" \/>\n<meta property=\"og:site_name\" content=\"DJOUK\" \/>\n<meta property=\"article:modified_time\" content=\"2021-08-07T18:34:07+00:00\" \/>\n<meta property=\"og:image\" content=\"https:\/\/lerato.alychouette.com\/djouk\/wp-content\/uploads\/sites\/6\/2020\/10\/DJOUK-logo-transparent-27_09.png\" \/>\n\t<meta property=\"og:image:width\" content=\"2000\" \/>\n\t<meta property=\"og:image:height\" content=\"650\" \/>\n\t<meta property=\"og:image:type\" content=\"image\/png\" \/>\n<meta name=\"twitter:card\" content=\"summary_large_image\" \/>\n<meta name=\"twitter:label1\" content=\"Dur\u00e9e de lecture estim\u00e9e\" \/>\n\t<meta name=\"twitter:data1\" content=\"5 minutes\" \/>\n<script type=\"application\/ld+json\" class=\"yoast-schema-graph\">{\"@context\":\"https:\/\/schema.org\",\"@graph\":[{\"@type\":\"WebPage\",\"@id\":\"https:\/\/lerato.alychouette.com\/djouk\/\",\"url\":\"https:\/\/lerato.alychouette.com\/djouk\/\",\"name\":\"DJOUK, rassemblement interr\u00e9gional & encrage international - DJOUK\",\"isPartOf\":{\"@id\":\"https:\/\/lerato.alychouette.com\/djouk\/#website\"},\"primaryImageOfPage\":{\"@id\":\"https:\/\/lerato.alychouette.com\/djouk\/#primaryimage\"},\"image\":{\"@id\":\"https:\/\/lerato.alychouette.com\/djouk\/#primaryimage\"},\"thumbnailUrl\":\"https:\/\/lerato.alychouette.com\/djouk\/wp-content\/uploads\/sites\/6\/2020\/10\/DJOUK-logo-transparent-27_09.png\",\"datePublished\":\"2020-09-21T08:53:02+00:00\",\"dateModified\":\"2021-08-07T18:34:07+00:00\",\"inLanguage\":\"fr-FR\",\"potentialAction\":[{\"@type\":\"ReadAction\",\"target\":[\"https:\/\/lerato.alychouette.com\/djouk\/\"]}]},{\"@type\":\"ImageObject\",\"inLanguage\":\"fr-FR\",\"@id\":\"https:\/\/lerato.alychouette.com\/djouk\/#primaryimage\",\"url\":\"https:\/\/lerato.alychouette.com\/djouk\/wp-content\/uploads\/sites\/6\/2020\/10\/DJOUK-logo-transparent-27_09.png\",\"contentUrl\":\"https:\/\/lerato.alychouette.com\/djouk\/wp-content\/uploads\/sites\/6\/2020\/10\/DJOUK-logo-transparent-27_09.png\",\"width\":2000,\"height\":650},{\"@type\":\"WebSite\",\"@id\":\"https:\/\/lerato.alychouette.com\/djouk\/#website\",\"url\":\"https:\/\/lerato.alychouette.com\/djouk\/\",\"name\":\"DJOUK\",\"description\":\" DJOUK, rassemblement interr\u00e9gional &amp; encrage international\",\"publisher\":{\"@id\":\"https:\/\/lerato.alychouette.com\/djouk\/#organization\"},\"potentialAction\":[{\"@type\":\"SearchAction\",\"target\":{\"@type\":\"EntryPoint\",\"urlTemplate\":\"https:\/\/lerato.alychouette.com\/djouk\/?s={search_term_string}\"},\"query-input\":{\"@type\":\"PropertyValueSpecification\",\"valueRequired\":true,\"valueName\":\"search_term_string\"}}],\"inLanguage\":\"fr-FR\"},{\"@type\":\"Organization\",\"@id\":\"https:\/\/lerato.alychouette.com\/djouk\/#organization\",\"name\":\"DJOUK\",\"url\":\"https:\/\/lerato.alychouette.com\/djouk\/\",\"logo\":{\"@type\":\"ImageObject\",\"inLanguage\":\"fr-FR\",\"@id\":\"https:\/\/lerato.alychouette.com\/djouk\/#\/schema\/logo\/image\/\",\"url\":\"https:\/\/lerato.alychouette.com\/djouk\/wp-content\/uploads\/sites\/6\/2020\/10\/favicon-fond-vert-djouk.png\",\"contentUrl\":\"https:\/\/lerato.alychouette.com\/djouk\/wp-content\/uploads\/sites\/6\/2020\/10\/favicon-fond-vert-djouk.png\",\"width\":512,\"height\":202,\"caption\":\"DJOUK\"},\"image\":{\"@id\":\"https:\/\/lerato.alychouette.com\/djouk\/#\/schema\/logo\/image\/\"}}]}<\/script>\n<!-- \/ Yoast SEO plugin. -->","yoast_head_json":{"title":"DJOUK, rassemblement interr\u00e9gional & encrage international - DJOUK","robots":{"index":"index","follow":"follow","max-snippet":"max-snippet:-1","max-image-preview":"max-image-preview:large","max-video-preview":"max-video-preview:-1"},"canonical":"https:\/\/lerato.alychouette.com\/djouk\/","og_locale":"fr_FR","og_type":"article","og_title":"DJOUK, rassemblement interr\u00e9gional & encrage international - DJOUK","og_description":"DJOUK(1) est un rapprochement(2) d\u2019antillais.es d\u00e9sirant participer \u00e0 la vie politique de leurs pays d&rsquo;origine en les pensant depuis les Antilles, les communaut\u00e9s \u00e9migr\u00e9es et diasporas. R\u00e9unis autour de notre v\u00e9cu d\u2019\u00e9tudiante.es nous questionnons la notion de D\u00e9veloppement et ses ramifications en nous inspirant des pens\u00e9es d\u00e9coloniale, postcoloniale, f\u00e9ministe et \u00e9cologiste. Un positionnement radical Nous [&hellip;]","og_url":"https:\/\/lerato.alychouette.com\/djouk\/","og_site_name":"DJOUK","article_modified_time":"2021-08-07T18:34:07+00:00","og_image":[{"width":2000,"height":650,"url":"https:\/\/lerato.alychouette.com\/djouk\/wp-content\/uploads\/sites\/6\/2020\/10\/DJOUK-logo-transparent-27_09.png","type":"image\/png"}],"twitter_card":"summary_large_image","twitter_misc":{"Dur\u00e9e de lecture estim\u00e9e":"5 minutes"},"schema":{"@context":"https:\/\/schema.org","@graph":[{"@type":"WebPage","@id":"https:\/\/lerato.alychouette.com\/djouk\/","url":"https:\/\/lerato.alychouette.com\/djouk\/","name":"DJOUK, rassemblement interr\u00e9gional & encrage international - DJOUK","isPartOf":{"@id":"https:\/\/lerato.alychouette.com\/djouk\/#website"},"primaryImageOfPage":{"@id":"https:\/\/lerato.alychouette.com\/djouk\/#primaryimage"},"image":{"@id":"https:\/\/lerato.alychouette.com\/djouk\/#primaryimage"},"thumbnailUrl":"https:\/\/lerato.alychouette.com\/djouk\/wp-content\/uploads\/sites\/6\/2020\/10\/DJOUK-logo-transparent-27_09.png","datePublished":"2020-09-21T08:53:02+00:00","dateModified":"2021-08-07T18:34:07+00:00","inLanguage":"fr-FR","potentialAction":[{"@type":"ReadAction","target":["https:\/\/lerato.alychouette.com\/djouk\/"]}]},{"@type":"ImageObject","inLanguage":"fr-FR","@id":"https:\/\/lerato.alychouette.com\/djouk\/#primaryimage","url":"https:\/\/lerato.alychouette.com\/djouk\/wp-content\/uploads\/sites\/6\/2020\/10\/DJOUK-logo-transparent-27_09.png","contentUrl":"https:\/\/lerato.alychouette.com\/djouk\/wp-content\/uploads\/sites\/6\/2020\/10\/DJOUK-logo-transparent-27_09.png","width":2000,"height":650},{"@type":"WebSite","@id":"https:\/\/lerato.alychouette.com\/djouk\/#website","url":"https:\/\/lerato.alychouette.com\/djouk\/","name":"DJOUK","description":" DJOUK, rassemblement interr\u00e9gional &amp; encrage international","publisher":{"@id":"https:\/\/lerato.alychouette.com\/djouk\/#organization"},"potentialAction":[{"@type":"SearchAction","target":{"@type":"EntryPoint","urlTemplate":"https:\/\/lerato.alychouette.com\/djouk\/?s={search_term_string}"},"query-input":{"@type":"PropertyValueSpecification","valueRequired":true,"valueName":"search_term_string"}}],"inLanguage":"fr-FR"},{"@type":"Organization","@id":"https:\/\/lerato.alychouette.com\/djouk\/#organization","name":"DJOUK","url":"https:\/\/lerato.alychouette.com\/djouk\/","logo":{"@type":"ImageObject","inLanguage":"fr-FR","@id":"https:\/\/lerato.alychouette.com\/djouk\/#\/schema\/logo\/image\/","url":"https:\/\/lerato.alychouette.com\/djouk\/wp-content\/uploads\/sites\/6\/2020\/10\/favicon-fond-vert-djouk.png","contentUrl":"https:\/\/lerato.alychouette.com\/djouk\/wp-content\/uploads\/sites\/6\/2020\/10\/favicon-fond-vert-djouk.png","width":512,"height":202,"caption":"DJOUK"},"image":{"@id":"https:\/\/lerato.alychouette.com\/djouk\/#\/schema\/logo\/image\/"}}]}},"_links":{"self":[{"href":"https:\/\/lerato.alychouette.com\/djouk\/wp-json\/wp\/v2\/pages\/18","targetHints":{"allow":["GET"]}}],"collection":[{"href":"https:\/\/lerato.alychouette.com\/djouk\/wp-json\/wp\/v2\/pages"}],"about":[{"href":"https:\/\/lerato.alychouette.com\/djouk\/wp-json\/wp\/v2\/types\/page"}],"author":[{"embeddable":true,"href":"https:\/\/lerato.alychouette.com\/djouk\/wp-json\/wp\/v2\/users\/1"}],"replies":[{"embeddable":true,"href":"https:\/\/lerato.alychouette.com\/djouk\/wp-json\/wp\/v2\/comments?post=18"}],"version-history":[{"count":32,"href":"https:\/\/lerato.alychouette.com\/djouk\/wp-json\/wp\/v2\/pages\/18\/revisions"}],"predecessor-version":[{"id":250,"href":"https:\/\/lerato.alychouette.com\/djouk\/wp-json\/wp\/v2\/pages\/18\/revisions\/250"}],"wp:featuredmedia":[{"embeddable":true,"href":"https:\/\/lerato.alychouette.com\/djouk\/wp-json\/wp\/v2\/media\/162"}],"wp:attachment":[{"href":"https:\/\/lerato.alychouette.com\/djouk\/wp-json\/wp\/v2\/media?parent=18"}],"curies":[{"name":"wp","href":"https:\/\/api.w.org\/{rel}","templated":true}]}}